{"id":6917,"date":"2024-08-08T13:33:26","date_gmt":"2024-08-08T11:33:26","guid":{"rendered":"https:\/\/multidekor.profitway.pl\/datenschutzbestimmungen\/"},"modified":"2024-10-08T14:53:01","modified_gmt":"2024-10-08T12:53:01","slug":"datenschutzbestimmungen","status":"publish","type":"page","link":"https:\/\/multidekor.pl\/de\/datenschutzbestimmungen\/","title":{"rendered":"Datenschutzbestimmungen"},"content":{"rendered":"\t\t<div data-elementor-type=\"wp-page\" data-elementor-id=\"6917\" class=\"elementor elementor-6917 elementor-5091\" data-elementor-post-type=\"page\">\n\t\t\t\t<div class=\"elementor-element elementor-element-fdf52f4 e-flex e-con-boxed e-con e-parent\" data-id=\"fdf52f4\" data-element_type=\"container\" data-settings=\"{&quot;background_background&quot;:&quot;classic&quot;}\">\n\t\t\t\t\t<div class=\"e-con-inner\">\n\t\t\t\t\t<\/div>\n\t\t\t\t<\/div>\n\t\t<div class=\"elementor-element elementor-element-289ecf0 is-overflow-hidden e-flex e-con-boxed e-con e-parent\" data-id=\"289ecf0\" data-element_type=\"container\">\n\t\t\t\t\t<div class=\"e-con-inner\">\n\t\t\t\t<div class=\"elementor-element elementor-element-f898115 elementor-widget elementor-widget-heading\" data-id=\"f898115\" data-element_type=\"widget\" data-widget_type=\"heading.default\">\n\t\t\t\t<div class=\"elementor-widget-container\">\n\t\t\t<style>\/*! elementor - v3.22.0 - 26-06-2024 *\/\n.elementor-heading-title{padding:0;margin:0;line-height:1}.elementor-widget-heading .elementor-heading-title[class*=elementor-size-]>a{color:inherit;font-size:inherit;line-height:inherit}.elementor-widget-heading .elementor-heading-title.elementor-size-small{font-size:15px}.elementor-widget-heading .elementor-heading-title.elementor-size-medium{font-size:19px}.elementor-widget-heading .elementor-heading-title.elementor-size-large{font-size:29px}.elementor-widget-heading .elementor-heading-title.elementor-size-xl{font-size:39px}.elementor-widget-heading .elementor-heading-title.elementor-size-xxl{font-size:59px}<\/style><h2 class=\"elementor-heading-title elementor-size-default\"><span style=\"font-family:Orbital;font-style: italic;\">Datenschutzbestimmungen<\/span><\/h2>\t\t<\/div>\n\t\t\t\t<\/div>\n\t\t\t\t\t<\/div>\n\t\t\t\t<\/div>\n\t\t<div class=\"elementor-element elementor-element-c915cc5 e-flex e-con-boxed e-con e-parent\" data-id=\"c915cc5\" data-element_type=\"container\">\n\t\t\t\t\t<div class=\"e-con-inner\">\n\t\t<div class=\"elementor-element elementor-element-25d0e9d e-con-full e-flex e-con e-child\" data-id=\"25d0e9d\" data-element_type=\"container\">\n\t\t\t\t<div class=\"elementor-element elementor-element-1474bb8 elementor-widget elementor-widget-text-editor\" data-id=\"1474bb8\" data-element_type=\"widget\" data-widget_type=\"text-editor.default\">\n\t\t\t\t<div class=\"elementor-widget-container\">\n\t\t\t<style>\/*! elementor - v3.22.0 - 26-06-2024 *\/\n.elementor-widget-text-editor.elementor-drop-cap-view-stacked .elementor-drop-cap{background-color:#69727d;color:#fff}.elementor-widget-text-editor.elementor-drop-cap-view-framed .elementor-drop-cap{color:#69727d;border:3px solid;background-color:transparent}.elementor-widget-text-editor:not(.elementor-drop-cap-view-default) .elementor-drop-cap{margin-top:8px}.elementor-widget-text-editor:not(.elementor-drop-cap-view-default) .elementor-drop-cap-letter{width:1em;height:1em}.elementor-widget-text-editor .elementor-drop-cap{float:left;text-align:center;line-height:1;font-size:50px}.elementor-widget-text-editor .elementor-drop-cap-letter{display:inline-block}<\/style>\t\t\t\t<p><strong>Allgemeine Informationen<\/strong><\/p>\n<p>Dieses Dokument enth\u00e4lt die Datenschutzbestimmungen f\u00fcr die Multidekor-Website, die unter der Domain <a href=\"https:\/\/multidekor.pl\">https:\/\/multidekor.pl<\/a> betrieben wird (im Folgenden die &#8222;Website&#8220;).<\/p>\n<p>Der Administrator der Website und der Verwalter Ihrer pers\u00f6nlichen Daten ist die Aktiengesellschaft MULTIDEKOR mit Sitz in Piast\u00f3w in der ul.<br \/>\nStanis\u0142awa Noakowskiego 4, 05-820 Piast\u00f3w, eingetragen im Unternehmerregister des Nationalen Gerichtsregisters, gef\u00fchrt vom Bezirksgericht f\u00fcr m.<br \/>\nWarschau, XIV. Wirtschaftsabteilung.<br \/>\nWarszawy in Warschau, XIV. Wirtschaftsabteilung des Nationalen Gerichtsregisters unter der KRS-Nummer 0000921749, NIP 5342487835, im Folgenden als &#8222;Verwalter&#8220; bezeichnet.   <\/p>\n<p>In allen Angelegenheiten, die die Website betreffen, k\u00f6nnen Sie den Administrator per E-Mail unter sekretariat@multidekor.pl oder per Post unter folgender Adresse kontaktieren: Multidekor S.A., ul.<br \/>\nStanis\u0142awa Noakowskiego 4, 05-820 Piast\u00f3w. <\/p>\n<p>&#8222;RODO&#8220; bezeichnet in diesem Dokument die Verordnung (EU) 2016\/679 des Europ\u00e4ischen Parlaments und des Rates vom 27. April 2016.<br \/>\nzum Schutz nat\u00fcrlicher Personen bei der Verarbeitung personenbezogener Daten, zum freien Datenverkehr und zur Aufhebung der Richtlinie 95\/46\/EG (Allgemeine Datenschutzverordnung). <\/p>\n<\/p>\n<p><strong>Pers\u00f6nliche Daten<\/strong><\/p>\n<p>Wenn Sie mit uns Kontakt aufnehmen oder unseren Newsletter abonnieren, stellen Sie uns personenbezogene Daten zur Verf\u00fcgung.<\/p>\n<p>Wenn Sie mit uns per E-Mail Kontakt aufnehmen, teilen Sie uns Ihre E-Mail-Adresse mit, und Sie k\u00f6nnen auch andere personenbezogene Daten in den Text der Nachricht aufnehmen.<br \/>\nIn diesem Fall ist die Rechtsgrundlage f\u00fcr die Verarbeitung Ihrer personenbezogenen Daten Ihre Einwilligung, die sich aus der Kontaktaufnahme mit uns ergibt, und die Notwendigkeit f\u00fcr die Erf\u00fcllung des Vertrages \u00fcber den Kommunikationsdienst sowie das berechtigte Interesse des Administrators an der Kommunikation mit den Nutzern der Website (Artikel 6(1)(a), (b) und (f) RODO).<br \/>\n<br \/>Ihre personenbezogenen Daten werden ausschlie\u00dflich zum Zweck der Bearbeitung der per E-Mail gestellten Anfrage verarbeitet. Der Inhalt der Korrespondenz kann archiviert werden.  <\/p>\n<p>Wenn Sie einem Abonnement des Newsletters (Newsletter) zustimmen, teilen Sie uns Ihre E-Mail-Adresse mit.<br \/>\nIn diesem Fall ist die Rechtsgrundlage f\u00fcr die Verarbeitung Ihrer personenbezogenen Daten Ihre Einwilligung, die sich aus Ihrem Wunsch ergibt, den Newsletter zu erhalten (Artikel 6 Absatz 1 Buchstabe a) RODO).<br \/>\nIhre personenbezogenen Daten werden ausschlie\u00dflich zum Zweck der Bearbeitung des Newsletters verarbeitet.  <\/p>\n<p>Ihre personenbezogenen Daten werden f\u00fcr die Dauer des Betriebs der Website und f\u00fcr den in den geltenden Rechtsvorschriften festgelegten Zeitraum verarbeitet, jedoch nicht l\u00e4nger, als es f\u00fcr die Zwecke erforderlich ist, die sich aus den berechtigten Interessen des Administrators oder eines Dritten ergeben, d.h.<br \/>\nbis zur Verj\u00e4hrung von Anspr\u00fcchen, die sich aus der Nutzung der Dienste der Website ergeben k\u00f6nnen.<br \/>\nSie k\u00f6nnen jederzeit beschlie\u00dfen, sich aus der Liste der Abonnenten zu streichen, was ebenfalls dazu f\u00fchrt, dass Ihre pers\u00f6nlichen Daten aus der Datenbank gel\u00f6scht werden.  <\/p>\n<p>Die Angabe Ihrer pers\u00f6nlichen Daten ist freiwillig, aber notwendig, um die Website vollst\u00e4ndig nutzen zu k\u00f6nnen.<\/p>\n<p>Der Administrator unternimmt besondere Anstrengungen, um die Privatsph\u00e4re und die ihm zur Verf\u00fcgung gestellten und die Nutzer betreffenden Informationen zu sch\u00fctzen.<br \/>\nDer Verwalter geht bei der Auswahl und Anwendung geeigneter technischer Ma\u00dfnahmen, einschlie\u00dflich solcher programmtechnischer und organisatorischer Art, mit der gebotenen Sorgfalt vor, um den Schutz der verarbeiteten Daten zu gew\u00e4hrleisten, insbesondere den Schutz der Daten vor unbefugtem Zugriff, Offenlegung, Verlust und Zerst\u00f6rung, unbefugter \u00c4nderung sowie vor einer Verarbeitung unter Versto\u00df gegen die geltenden Gesetze. <\/p>\n<p>Empf\u00e4nger der personenbezogenen Daten der Nutzer sind: &#8211; der Administrator; &#8211; Stellen, die aufgrund zwingender Bestimmungen des EU-Rechts oder des polnischen Rechts berechtigt sind, personenbezogene Daten zu erhalten, wie z.B. Gerichte oder Organe der \u00f6ffentlichen Verwaltung und staatliche Beh\u00f6rden; &#8211; Stellen, die Unterauftragnehmer des Administrators sind, wie z.B. IT-Dienstleister: Hosting-Unternehmen, Newsletter-Dienstleister und andere Stellen, ohne die die Website nicht vollst\u00e4ndig funktionieren kann.<\/p>\n<\/p>\n<p><strong>Benutzerrechte<\/strong><\/p>\n<p>Die vom Administrator gesammelten personenbezogenen Daten werden in \u00dcbereinstimmung mit dem Gesetz verarbeitet. In Bezug auf die Verarbeitung dieser personenbezogenen Daten sind die Nutzer berechtigt:<\/p>\n<ol>\n<li>Das Recht, Zugang zu Ihren Daten und eine Kopie davon zu verlangen;<\/li>\n<li>Das Recht auf Berichtigung (\u00c4nderung) Ihrer Daten, wenn diese unrichtig oder veraltet sind, sowie das Recht auf L\u00f6schung, wenn die Verarbeitung Ihrer Daten nicht zur Erf\u00fcllung einer Verpflichtung aufgrund einer gesetzlichen Bestimmung oder in Aus\u00fcbung \u00f6ffentlicher Gewalt erfolgt;<\/li>\n<li>Das Recht auf Einschr\u00e4nkung der Verarbeitung oder auf Widerspruch gegen die Verarbeitung;<\/li>\n<li>Das Recht auf \u00dcbertragbarkeit Ihrer Daten;<\/li>\n<li>das Recht, die Zustimmung zur Verarbeitung personenbezogener Daten f\u00fcr einen bestimmten Zweck zu widerrufen, wenn eine solche Zustimmung zuvor erteilt wurde;<\/li>\n<li>das Recht, eine Beschwerde bei der Aufsichtsbeh\u00f6rde &#8211; dem Pr\u00e4sidenten des Amtes f\u00fcr den Schutz personenbezogener Daten (Einzelheiten unter <a href=\"https:\/\/uodo.gov.pl\/pl\/83\/155\" target=\"_blank\" rel=\"noopener\">https:\/\/uodo.gov.pl\/pl\/83\/155)<\/a> oder einer anderen zust\u00e4ndigen Beh\u00f6rde &#8211; einzureichen.<\/li>\n<\/ol>\n<p>Sie k\u00f6nnen die oben genannten Rechte in \u00dcbereinstimmung mit den Bestimmungen von Art.<br \/>\n7 Absatz.<br \/>\n3 und Art.<br \/>\n15-21 RODO AUS\u00dcBEN.   <\/p>\n<\/p>\n<p><strong>Cookies<\/strong><\/p>\n<p>Die Website verwendet &#8222;Cookies&#8220;, d.h. kleine Textdateien, die in Verbindung mit der Nutzung der Website auf dem Endger\u00e4t des Nutzers gespeichert werden.<br \/>\nDie Verwendung von &#8222;Cookies&#8220; dient dazu, die Funktionsweise der Website zu optimieren.<br \/>\nBei der Nutzung der Website werden Informationen \u00fcber die Verwendung von &#8222;Cookies&#8220; angezeigt.<br \/>\nIndem Sie diese akzeptieren und schlie\u00dfen, stimmen Sie der Verwendung von Cookies in \u00dcbereinstimmung mit dieser Datenschutzerkl\u00e4rung zu.<br \/>\nWenn Sie mit der Speicherung von Cookies und deren Verwendung durch den Administrator und Dritte, wie in dieser Datenschutzrichtlinie angegeben, nicht einverstanden sind, konfigurieren Sie bitte die Einstellungen Ihres Internetbrowsers entsprechend.<br \/>\nDie Deaktivierung oder Einschr\u00e4nkung der Verwendung von Cookies kann einige der Funktionen der Website beeintr\u00e4chtigen und zu Schwierigkeiten bei der Nutzung f\u00fchren.     <\/p>\n<p>Der Administrator verwendet zwei Arten von &#8222;Cookies&#8220;: a) &#8222;Sitzungs-Cookies&#8220;: Sie werden auf dem Endger\u00e4t des Nutzers gespeichert und verbleiben dort bis zum Ende einer bestimmten Browser-Sitzung.<br \/>\nDie gespeicherten Informationen werden dann dauerhaft aus dem Speicher des Endger\u00e4ts des Nutzers gel\u00f6scht.<\/p>\n<p>Der Mechanismus der Sitzungs-Cookies erm\u00f6glicht keine Erfassung von pers\u00f6nlichen Daten oder vertraulichen Informationen auf dem Endger\u00e4t des Nutzers. b) Permanente Cookies: Diese werden auf dem Endger\u00e4t des Nutzers gespeichert und verbleiben dort, bis sie gel\u00f6scht werden.<br \/>\n<br \/>Das Beenden einer bestimmten Browsersitzung oder das Ausschalten des Ger\u00e4ts f\u00fchrt nicht dazu, dass sie vom Endger\u00e4t des Nutzers gel\u00f6scht werden. Der Mechanismus der permanenten &#8222;Cookies&#8220; erlaubt es nicht, pers\u00f6nliche Daten oder vertrauliche Informationen vom Ger\u00e4t des Nutzers zu sammeln.   <\/p>\n<p>Der Administrator verwendet Cookies f\u00fcr:<br \/>&#8211; um das ordnungsgem\u00e4\u00dfe Funktionieren der Website zu gew\u00e4hrleisten, insbesondere f\u00fcr die Konfiguration der Website, die \u00dcberpr\u00fcfung und Entwicklung ihres Angebots, die Erstellung von Statistiken (&#8222;eigene Cookies&#8220;),<br \/>&#8211; um die Website \u00fcber die folgenden sozialen Netzwerke bekannt zu machen: Facebook.com, Instagram, LinkedIn, YouTube, Twitter (&#8222;externe Cookies&#8220;); die Website ist mit einem Mechanismus zum Teilen von Inhalten in sozialen Netzwerken ausgestattet,<br \/>&#8211; die Erhebung allgemeiner und anonymer statistischer Daten mit Hilfe der Analysetools von Google Analytics (&#8222;externe Cookies&#8220;), die von Google LLC, 1600 Amphitheatre Parkway, Mountain View, CA 94043, USA, bereitgestellt werden; diese Aktivit\u00e4ten erfolgen auf der Grundlage des berechtigten Interesses des Administrators an der Erstellung von Statistiken und deren Analyse zum Zwecke der Optimierung der Website (die Rechtsgrundlage f\u00fcr die Datenverarbeitung in diesem Zusammenhang ist Artikel 6 Absatz 1 Buchstabe f der DSGVO); Einzelheiten zur Datenverarbeitung innerhalb von Google Analytics finden Sie unter www:  <a href=\"https:\/\/support.google.com\/analytics\/answer\/6004245\" target=\"_blank\" rel=\"noopener\">https:\/\/support.google.com\/analytics\/answer\/6004245<\/a>.<\/p>\n<p>In jedem Fall speichert der Administrator Informationen \u00fcber die Internetverbindungsparameter des Nutzers, insbesondere die IP-Adresse des Nutzers, sowie allgemeine demographische Informationen (z.B. \u00fcber die Region, aus der die Verbindung hergestellt wird).<br \/>\nDiese Daten werden zu technischen Zwecken im Zusammenhang mit der Verwaltung der Server des Administrators, zu statistischen Zwecken, zur Gew\u00e4hrleistung der Sicherheit sowie zur Vermarktung der eigenen Dienste des Administrators verarbeitet, was ein berechtigtes Interesse des Administrators darstellt (die Rechtsgrundlage f\u00fcr die Datenverarbeitung in diesem Zusammenhang ist Artikel 6(1)(f) RODO, und die Daten werden vom Administrator f\u00fcr die Dauer des Betriebs des Blogs oder bis zum Vorliegen von Gr\u00fcnden f\u00fcr die L\u00f6schung der Daten verarbeitet). <\/p>\n<p>Der Nutzer kann unabh\u00e4ngig und jederzeit die Einstellungen f\u00fcr Cookies \u00e4ndern, indem er die Bedingungen f\u00fcr die Speicherung und den Zugriff auf Cookies durch das Endger\u00e4t des Nutzers festlegt.<br \/>\n<br \/>Der Nutzer kann die im vorigen Satz genannten Einstellungen \u00fcber die Einstellungen seines Internetbrowsers \u00e4ndern. Diese Einstellungen k\u00f6nnen insbesondere so ge\u00e4ndert werden, dass die automatische Behandlung von &#8222;Cookies&#8220; in den Einstellungen des Internetbrowsers blockiert wird oder dass jedes Mal \u00fcber ihre Platzierung auf dem Ger\u00e4t des Nutzers informiert wird.<br \/>\nDetaillierte Informationen \u00fcber die M\u00f6glichkeit und die Methoden der Verwendung von Cookies finden Sie in den Einstellungen der einzelnen Webbrowser.<br \/>\nDer Nutzer kann &#8222;Cookies&#8220; jederzeit \u00fcber die verf\u00fcgbaren Funktionen des von ihm verwendeten Browsers l\u00f6schen.   <\/p>\n\t\t\t\t\t\t<\/div>\n\t\t\t\t<\/div>\n\t\t\t\t<\/div>\n\t\t\t\t\t<\/div>\n\t\t\t\t<\/div>\n\t\t<div class=\"elementor-element elementor-element-17c67b9 elementor-hidden-tablet elementor-hidden-mobile arrow-top-hidden e-flex e-con-boxed e-con e-parent\" data-id=\"17c67b9\" data-element_type=\"container\" data-settings=\"{&quot;position&quot;:&quot;fixed&quot;,&quot;motion_fx_motion_fx_scrolling&quot;:&quot;yes&quot;,&quot;motion_fx_devices&quot;:[&quot;desktop&quot;,&quot;laptop&quot;,&quot;tablet&quot;,&quot;mobile&quot;]}\">\n\t\t\t\t\t<div class=\"e-con-inner\">\n\t\t<a class=\"elementor-element elementor-element-1c4d9bd e-con-full e-flex e-con e-child\" data-id=\"1c4d9bd\" data-element_type=\"container\" data-settings=\"{&quot;background_background&quot;:&quot;classic&quot;,&quot;position&quot;:&quot;absolute&quot;,&quot;motion_fx_motion_fx_scrolling&quot;:&quot;yes&quot;,&quot;animation&quot;:&quot;none&quot;,&quot;motion_fx_devices&quot;:[&quot;desktop&quot;,&quot;laptop&quot;,&quot;tablet&quot;,&quot;mobile&quot;]}\" href=\"#top\">\n\t\t\t\t<div class=\"elementor-element elementor-element-c2c68d9 arrow-scroll elementor-view-default elementor-widget elementor-widget-icon\" data-id=\"c2c68d9\" data-element_type=\"widget\" data-widget_type=\"icon.default\">\n\t\t\t\t<div class=\"elementor-widget-container\">\n\t\t\t\t\t<div class=\"elementor-icon-wrapper\">\n\t\t\t<div class=\"elementor-icon\">\n\t\t\t<svg xmlns=\"http:\/\/www.w3.org\/2000\/svg\" width=\"56.778\" height=\"36.877\" viewBox=\"0 0 56.778 36.877\"><path id=\"Path_138\" data-name=\"Path 138\" d=\"M91.727,87.065,73.32,105.439l-2.352-2.448a1.636,1.636,0,0,1-.588-1.478,2.907,2.907,0,0,1,.811-1.446l7.789-7.725q.827-.827,1.59-1.51t1.462-1.224q-1.876.223-3.926.366t-4.149.143H34.949v-6.2H73.956q2.1,0,4.165.143t3.942.4q-.731-.54-1.494-1.224t-1.59-1.51l-7.852-7.789a2.741,2.741,0,0,1-.811-1.431A1.654,1.654,0,0,1,70.9,71.01l2.352-2.448Z\" transform=\"translate(-34.949 -68.563)\" fill=\"#fff\"><\/path><\/svg>\t\t\t<\/div>\n\t\t<\/div>\n\t\t\t\t<\/div>\n\t\t\t\t<\/div>\n\t\t\t\t<\/a>\n\t\t\t\t\t<\/div>\n\t\t\t\t<\/div>\n\t\t\t\t<\/div>\n\t\t","protected":false},"excerpt":{"rendered":"<p>Datenschutzbestimmungen Allgemeine Informationen Dieses Dokument enth\u00e4lt die Datenschutzbestimmungen f\u00fcr die Multidekor-Website, die unter der Domain https:\/\/multidekor.pl betrieben wird (im Folgenden die &#8222;Website&#8220;). Der Administrator der Website und der Verwalter Ihrer pers\u00f6nlichen Daten ist die Aktiengesellschaft MULTIDEKOR mit Sitz in Piast\u00f3w in der ul. Stanis\u0142awa Noakowskiego 4, 05-820 Piast\u00f3w, eingetragen im Unternehmerregister des Nationalen Gerichtsregisters, gef\u00fchrt [&hellip;]<\/p>\n","protected":false},"author":1,"featured_media":0,"parent":0,"menu_order":0,"comment_status":"closed","ping_status":"closed","template":"","meta":{"_acf_changed":false,"content-type":"","footnotes":""},"class_list":["post-6917","page","type-page","status-publish","hentry"],"acf":[],"_links":{"self":[{"href":"https:\/\/multidekor.pl\/de\/wp-json\/wp\/v2\/pages\/6917","targetHints":{"allow":["GET"]}}],"collection":[{"href":"https:\/\/multidekor.pl\/de\/wp-json\/wp\/v2\/pages"}],"about":[{"href":"https:\/\/multidekor.pl\/de\/wp-json\/wp\/v2\/types\/page"}],"author":[{"embeddable":true,"href":"https:\/\/multidekor.pl\/de\/wp-json\/wp\/v2\/users\/1"}],"replies":[{"embeddable":true,"href":"https:\/\/multidekor.pl\/de\/wp-json\/wp\/v2\/comments?post=6917"}],"version-history":[{"count":3,"href":"https:\/\/multidekor.pl\/de\/wp-json\/wp\/v2\/pages\/6917\/revisions"}],"predecessor-version":[{"id":15097,"href":"https:\/\/multidekor.pl\/de\/wp-json\/wp\/v2\/pages\/6917\/revisions\/15097"}],"wp:attachment":[{"href":"https:\/\/multidekor.pl\/de\/wp-json\/wp\/v2\/media?parent=6917"}],"curies":[{"name":"wp","href":"https:\/\/api.w.org\/{rel}","templated":true}]}}