{"id":6926,"date":"2024-08-08T13:09:50","date_gmt":"2024-08-08T11:09:50","guid":{"rendered":"https:\/\/multidekor.profitway.pl\/projektoren\/"},"modified":"2024-10-08T14:57:10","modified_gmt":"2024-10-08T12:57:10","slug":"projektoren","status":"publish","type":"page","link":"https:\/\/multidekor.pl\/de\/projektoren\/","title":{"rendered":"Projektoren"},"content":{"rendered":"\t\t<div data-elementor-type=\"wp-page\" data-elementor-id=\"6926\" class=\"elementor elementor-6926 elementor-5034\" data-elementor-post-type=\"page\">\n\t\t\t\t<div class=\"elementor-element elementor-element-105a4e4 e-flex e-con-boxed e-con e-parent\" data-id=\"105a4e4\" data-element_type=\"container\" data-settings=\"{&quot;background_background&quot;:&quot;classic&quot;}\">\n\t\t\t\t\t<div class=\"e-con-inner\">\n\t\t\t\t\t<\/div>\n\t\t\t\t<\/div>\n\t\t<div class=\"elementor-element elementor-element-9bcb4e0 is-overflow-hidden e-flex e-con-boxed e-con e-parent\" data-id=\"9bcb4e0\" data-element_type=\"container\">\n\t\t\t\t\t<div class=\"e-con-inner\">\n\t\t<div class=\"elementor-element elementor-element-7cbdd8d e-con-full e-flex e-con e-child\" data-id=\"7cbdd8d\" data-element_type=\"container\">\n\t\t\t\t<div class=\"elementor-element elementor-element-ca2e925 elementor-widget elementor-widget-heading\" data-id=\"ca2e925\" data-element_type=\"widget\" data-widget_type=\"heading.default\">\n\t\t\t\t<div class=\"elementor-widget-container\">\n\t\t\t<style>\/*! elementor - v3.22.0 - 26-06-2024 *\/\n.elementor-heading-title{padding:0;margin:0;line-height:1}.elementor-widget-heading .elementor-heading-title[class*=elementor-size-]>a{color:inherit;font-size:inherit;line-height:inherit}.elementor-widget-heading .elementor-heading-title.elementor-size-small{font-size:15px}.elementor-widget-heading .elementor-heading-title.elementor-size-medium{font-size:19px}.elementor-widget-heading .elementor-heading-title.elementor-size-large{font-size:29px}.elementor-widget-heading .elementor-heading-title.elementor-size-xl{font-size:39px}.elementor-widget-heading .elementor-heading-title.elementor-size-xxl{font-size:59px}<\/style><h2 class=\"elementor-heading-title elementor-size-default\"><span style=\"font-family:Orbital;font-style: italic;\">p<\/span>rojektoren<\/h2>\t\t<\/div>\n\t\t\t\t<\/div>\n\t\t\t\t<div class=\"elementor-element elementor-element-885e607 elementor-widget elementor-widget-text-editor\" data-id=\"885e607\" data-element_type=\"widget\" data-widget_type=\"text-editor.default\">\n\t\t\t\t<div class=\"elementor-widget-container\">\n\t\t\t<style>\/*! elementor - v3.22.0 - 26-06-2024 *\/\n.elementor-widget-text-editor.elementor-drop-cap-view-stacked .elementor-drop-cap{background-color:#69727d;color:#fff}.elementor-widget-text-editor.elementor-drop-cap-view-framed .elementor-drop-cap{color:#69727d;border:3px solid;background-color:transparent}.elementor-widget-text-editor:not(.elementor-drop-cap-view-default) .elementor-drop-cap{margin-top:8px}.elementor-widget-text-editor:not(.elementor-drop-cap-view-default) .elementor-drop-cap-letter{width:1em;height:1em}.elementor-widget-text-editor .elementor-drop-cap{float:left;text-align:center;line-height:1;font-size:50px}.elementor-widget-text-editor .elementor-drop-cap-letter{display:inline-block}<\/style>\t\t\t\t<p>Dekorative Projektoren von Multidekor sind eine vielseitige L\u00f6sung, die jedem Raum eine besondere Note verleiht \u2013 nicht nur in der Weihnachtszeit.<\/p>\n\t\t\t\t\t\t<\/div>\n\t\t\t\t<\/div>\n\t\t\t\t<\/div>\n\t\t<div class=\"elementor-element elementor-element-275e16c e-con-full e-flex e-con e-child\" data-id=\"275e16c\" data-element_type=\"container\">\n\t\t\t\t<div class=\"elementor-element elementor-element-9a8cea3 elementor-widget elementor-widget-text-editor\" data-id=\"9a8cea3\" data-element_type=\"widget\" data-widget_type=\"text-editor.default\">\n\t\t\t\t<div class=\"elementor-widget-container\">\n\t\t\t\t\t\t\t<p>Sie k\u00f6nnen eine Vielzahl von Mustern, Motiven und Animationen auf Geb\u00e4udefassaden, B\u00e4umen, Gehwegen oder \u00f6ffentlichen Pl\u00e4tzen projizieren und einzigartige visuelle Effekte schaffen, die die Blicke auf sich ziehen. Dank einer gro\u00dfen Auswahl an Motiven und Farben sind diese Projektoren ideal f\u00fcr jeden Anlass, von Feiertagen bis zu besonderen Veranstaltungen, und schaffen eine Atmosph\u00e4re, die sowohl Einwohner als auch Besucher verzaubert. <\/p>\n\t\t\t\t\t\t<\/div>\n\t\t\t\t<\/div>\n\t\t\t\t<\/div>\n\t\t\t\t\t<\/div>\n\t\t\t\t<\/div>\n\t\t<div class=\"elementor-element elementor-element-9a76b88 gallery-choinka e-flex e-con-boxed e-con e-parent\" data-id=\"9a76b88\" data-element_type=\"container\">\n\t\t\t\t\t<div class=\"e-con-inner\">\n\t\t\t\t<div class=\"elementor-element elementor-element-6d059b7 elementor-widget elementor-widget-gallery\" data-id=\"6d059b7\" data-element_type=\"widget\" data-settings=\"{&quot;columns&quot;:3,&quot;gap&quot;:{&quot;unit&quot;:&quot;px&quot;,&quot;size&quot;:21,&quot;sizes&quot;:[]},&quot;aspect_ratio&quot;:&quot;1:1&quot;,&quot;lazyload&quot;:&quot;yes&quot;,&quot;gallery_layout&quot;:&quot;grid&quot;,&quot;columns_tablet&quot;:2,&quot;columns_mobile&quot;:1,&quot;gap_laptop&quot;:{&quot;unit&quot;:&quot;px&quot;,&quot;size&quot;:10,&quot;sizes&quot;:[]},&quot;gap_tablet&quot;:{&quot;unit&quot;:&quot;px&quot;,&quot;size&quot;:10,&quot;sizes&quot;:[]},&quot;gap_mobile&quot;:{&quot;unit&quot;:&quot;px&quot;,&quot;size&quot;:10,&quot;sizes&quot;:[]},&quot;link_to&quot;:&quot;file&quot;,&quot;overlay_background&quot;:&quot;yes&quot;,&quot;content_hover_animation&quot;:&quot;fade-in&quot;}\" data-widget_type=\"gallery.default\">\n\t\t\t\t<div class=\"elementor-widget-container\">\n\t\t\t<style>\/*! elementor-pro - v3.22.0 - 24-06-2024 *\/\n.elementor-gallery__container{min-height:1px}.elementor-gallery-item{position:relative;overflow:hidden;display:block;text-decoration:none;border:solid var(--image-border-width) var(--image-border-color);border-radius:var(--image-border-radius)}.elementor-gallery-item__content,.elementor-gallery-item__overlay{height:100%;width:100%;position:absolute;top:0;left:0}.elementor-gallery-item__overlay{mix-blend-mode:var(--overlay-mix-blend-mode);transition-duration:var(--overlay-transition-duration);transition-property:mix-blend-mode,transform,opacity,background-color}.elementor-gallery-item__image.e-gallery-image{transition-duration:var(--image-transition-duration);transition-property:filter,transform}.elementor-gallery-item__content{display:flex;flex-direction:column;justify-content:var(--content-justify-content,center);align-items:center;text-align:var(--content-text-align);padding:var(--content-padding)}.elementor-gallery-item__content>div{transition-duration:var(--content-transition-duration)}.elementor-gallery-item__content.elementor-gallery--sequenced-animation>div:nth-child(2){transition-delay:calc(var(--content-transition-delay) \/ 3)}.elementor-gallery-item__content.elementor-gallery--sequenced-animation>div:nth-child(3){transition-delay:calc(var(--content-transition-delay) \/ 3 * 2)}.elementor-gallery-item__content.elementor-gallery--sequenced-animation>div:nth-child(4){transition-delay:calc(var(--content-transition-delay) \/ 3 * 3)}.elementor-gallery-item__description{color:var(--description-text-color,#fff);width:100%}.elementor-gallery-item__title{color:var(--title-text-color,#fff);font-weight:700;width:100%}.elementor-gallery__titles-container{display:flex;flex-wrap:wrap;justify-content:var(--titles-container-justify-content,center);margin-bottom:20px}.elementor-gallery__titles-container:not(.e--pointer-framed) .elementor-item:after,.elementor-gallery__titles-container:not(.e--pointer-framed) .elementor-item:before{background-color:var(--galleries-pointer-bg-color-hover)}.elementor-gallery__titles-container:not(.e--pointer-framed) .elementor-item.elementor-item-active:after,.elementor-gallery__titles-container:not(.e--pointer-framed) .elementor-item.elementor-item-active:before{background-color:var(--galleries-pointer-bg-color-active)}.elementor-gallery__titles-container.e--pointer-framed .elementor-item:before{border-color:var(--galleries-pointer-bg-color-hover);border-width:var(--galleries-pointer-border-width)}.elementor-gallery__titles-container.e--pointer-framed .elementor-item:after{border-color:var(--galleries-pointer-bg-color-hover)}.elementor-gallery__titles-container.e--pointer-framed .elementor-item.elementor-item-active:after,.elementor-gallery__titles-container.e--pointer-framed .elementor-item.elementor-item-active:before{border-color:var(--galleries-pointer-bg-color-active)}.elementor-gallery__titles-container.e--pointer-framed.e--animation-draw .elementor-item:before{border-left-width:var(--galleries-pointer-border-width);border-bottom-width:var(--galleries-pointer-border-width);border-right-width:0;border-top-width:0}.elementor-gallery__titles-container.e--pointer-framed.e--animation-draw .elementor-item:after{border-left-width:0;border-bottom-width:0;border-right-width:var(--galleries-pointer-border-width);border-top-width:var(--galleries-pointer-border-width)}.elementor-gallery__titles-container.e--pointer-framed.e--animation-corners .elementor-item:before{border-left-width:var(--galleries-pointer-border-width);border-bottom-width:0;border-right-width:0;border-top-width:var(--galleries-pointer-border-width)}.elementor-gallery__titles-container.e--pointer-framed.e--animation-corners .elementor-item:after{border-left-width:0;border-bottom-width:var(--galleries-pointer-border-width);border-right-width:var(--galleries-pointer-border-width);border-top-width:0}.elementor-gallery__titles-container .e--pointer-double-line .elementor-item:after,.elementor-gallery__titles-container .e--pointer-double-line .elementor-item:before,.elementor-gallery__titles-container .e--pointer-overline .elementor-item:before,.elementor-gallery__titles-container .e--pointer-underline .elementor-item:after{height:var(--galleries-pointer-border-width)}.elementor-gallery-title{--space-between:10px;cursor:pointer;color:#6d7882;font-weight:500;position:relative;padding:7px 14px;transition:all .3s}.elementor-gallery-title--active{color:#495157}.elementor-gallery-title:not(:last-child){margin-inline-end:var(--space-between)}.elementor-gallery-item__title+.elementor-gallery-item__description{margin-top:var(--description-margin-top)}.e-gallery-item.elementor-gallery-item{transition-property:all}.e-gallery-item.elementor-animated-content .elementor-animated-item--enter-from-bottom,.e-gallery-item.elementor-animated-content .elementor-animated-item--enter-from-left,.e-gallery-item.elementor-animated-content .elementor-animated-item--enter-from-right,.e-gallery-item.elementor-animated-content .elementor-animated-item--enter-from-top,.e-gallery-item:focus .elementor-gallery__item-overlay-bg,.e-gallery-item:focus .elementor-gallery__item-overlay-content,.e-gallery-item:focus .elementor-gallery__item-overlay-content__description,.e-gallery-item:focus .elementor-gallery__item-overlay-content__title,.e-gallery-item:hover .elementor-gallery__item-overlay-bg,.e-gallery-item:hover .elementor-gallery__item-overlay-content,.e-gallery-item:hover .elementor-gallery__item-overlay-content__description,.e-gallery-item:hover .elementor-gallery__item-overlay-content__title{opacity:1}a.elementor-item.elementor-gallery-title{color:var(--galleries-title-color-normal)}a.elementor-item.elementor-gallery-title.elementor-item-active,a.elementor-item.elementor-gallery-title.highlighted,a.elementor-item.elementor-gallery-title:focus,a.elementor-item.elementor-gallery-title:hover{color:var(--galleries-title-color-hover)}a.elementor-item.elementor-gallery-title.elementor-item-active{color:var(--gallery-title-color-active)}.e-con-inner>.elementor-widget-gallery,.e-con>.elementor-widget-gallery{width:var(--container-widget-width);--flex-grow:var(--container-widget-flex-grow)}<\/style>\t\t<div class=\"elementor-gallery__container\">\n\t\t\t\t\t\t\t<a class=\"e-gallery-item elementor-gallery-item elementor-animated-content\" href=\"https:\/\/multidekor.pl\/wp-content\/uploads\/2024\/08\/ketrzyn_projekcja_gobo-scaled.jpg\" data-elementor-open-lightbox=\"yes\" data-elementor-lightbox-slideshow=\"6d059b7\" data-e-action-hash=\"#elementor-action%3Aaction%3Dlightbox%26settings%3DeyJpZCI6NTAzNywidXJsIjoiaHR0cHM6XC9cL211bHRpZGVrb3IucGxcL3dwLWNvbnRlbnRcL3VwbG9hZHNcLzIwMjRcLzA4XC9rZXRyenluX3Byb2pla2NqYV9nb2JvLXNjYWxlZC5qcGciLCJzbGlkZXNob3ciOiI2ZDA1OWI3In0%3D\">\n\t\t\t\t\t<div class=\"e-gallery-image elementor-gallery-item__image\" data-thumbnail=\"https:\/\/multidekor.pl\/wp-content\/uploads\/2024\/08\/ketrzyn_projekcja_gobo-scaled.jpg\" data-width=\"2560\" data-height=\"1441\" aria-label=\"\" role=\"img\" ><\/div>\n\t\t\t\t\t\t\t\t\t\t\t<div class=\"elementor-gallery-item__overlay\"><\/div>\n\t\t\t\t\t\t\t\t\t\t\t\t\t\t<\/a>\n\t\t\t\t\t\t\t<a class=\"e-gallery-item elementor-gallery-item elementor-animated-content\" href=\"https:\/\/multidekor.pl\/wp-content\/uploads\/2024\/08\/kruszwica_projekcja_gobo.jpg\" data-elementor-open-lightbox=\"yes\" data-elementor-lightbox-slideshow=\"6d059b7\" data-e-action-hash=\"#elementor-action%3Aaction%3Dlightbox%26settings%3DeyJpZCI6NTAzOCwidXJsIjoiaHR0cHM6XC9cL211bHRpZGVrb3IucGxcL3dwLWNvbnRlbnRcL3VwbG9hZHNcLzIwMjRcLzA4XC9rcnVzendpY2FfcHJvamVrY2phX2dvYm8uanBnIiwic2xpZGVzaG93IjoiNmQwNTliNyJ9\">\n\t\t\t\t\t<div class=\"e-gallery-image elementor-gallery-item__image\" data-thumbnail=\"https:\/\/multidekor.pl\/wp-content\/uploads\/2024\/08\/kruszwica_projekcja_gobo.jpg\" data-width=\"1920\" data-height=\"1280\" aria-label=\"\" role=\"img\" ><\/div>\n\t\t\t\t\t\t\t\t\t\t\t<div class=\"elementor-gallery-item__overlay\"><\/div>\n\t\t\t\t\t\t\t\t\t\t\t\t\t\t<\/a>\n\t\t\t\t\t\t\t<a class=\"e-gallery-item elementor-gallery-item elementor-animated-content\" href=\"https:\/\/multidekor.pl\/wp-content\/uploads\/2024\/08\/warszawa_kladka_projekcja_gobo.jpg\" data-elementor-open-lightbox=\"yes\" data-elementor-lightbox-slideshow=\"6d059b7\" data-e-action-hash=\"#elementor-action%3Aaction%3Dlightbox%26settings%3DeyJpZCI6NTAzOSwidXJsIjoiaHR0cHM6XC9cL211bHRpZGVrb3IucGxcL3dwLWNvbnRlbnRcL3VwbG9hZHNcLzIwMjRcLzA4XC93YXJzemF3YV9rbGFka2FfcHJvamVrY2phX2dvYm8uanBnIiwic2xpZGVzaG93IjoiNmQwNTliNyJ9\">\n\t\t\t\t\t<div class=\"e-gallery-image elementor-gallery-item__image\" data-thumbnail=\"https:\/\/multidekor.pl\/wp-content\/uploads\/2024\/08\/warszawa_kladka_projekcja_gobo.jpg\" data-width=\"2500\" data-height=\"1667\" aria-label=\"\" role=\"img\" ><\/div>\n\t\t\t\t\t\t\t\t\t\t\t<div class=\"elementor-gallery-item__overlay\"><\/div>\n\t\t\t\t\t\t\t\t\t\t\t\t\t\t<\/a>\n\t\t\t\t\t\t\t<a class=\"e-gallery-item elementor-gallery-item elementor-animated-content\" href=\"https:\/\/multidekor.pl\/wp-content\/uploads\/2024\/08\/warszawa_kladka_projekcja_video.jpg\" data-elementor-open-lightbox=\"yes\" data-elementor-lightbox-slideshow=\"6d059b7\" data-e-action-hash=\"#elementor-action%3Aaction%3Dlightbox%26settings%3DeyJpZCI6NTA0MCwidXJsIjoiaHR0cHM6XC9cL211bHRpZGVrb3IucGxcL3dwLWNvbnRlbnRcL3VwbG9hZHNcLzIwMjRcLzA4XC93YXJzemF3YV9rbGFka2FfcHJvamVrY2phX3ZpZGVvLmpwZyIsInNsaWRlc2hvdyI6IjZkMDU5YjcifQ%3D%3D\">\n\t\t\t\t\t<div class=\"e-gallery-image elementor-gallery-item__image\" data-thumbnail=\"https:\/\/multidekor.pl\/wp-content\/uploads\/2024\/08\/warszawa_kladka_projekcja_video.jpg\" data-width=\"2500\" data-height=\"1667\" aria-label=\"\" role=\"img\" ><\/div>\n\t\t\t\t\t\t\t\t\t\t\t<div class=\"elementor-gallery-item__overlay\"><\/div>\n\t\t\t\t\t\t\t\t\t\t\t\t\t\t<\/a>\n\t\t\t\t\t\t\t<a class=\"e-gallery-item elementor-gallery-item elementor-animated-content\" href=\"https:\/\/multidekor.pl\/wp-content\/uploads\/2024\/08\/warszawa_mapping3d-scaled.jpg\" data-elementor-open-lightbox=\"yes\" data-elementor-lightbox-slideshow=\"6d059b7\" data-e-action-hash=\"#elementor-action%3Aaction%3Dlightbox%26settings%3DeyJpZCI6NTA0MSwidXJsIjoiaHR0cHM6XC9cL211bHRpZGVrb3IucGxcL3dwLWNvbnRlbnRcL3VwbG9hZHNcLzIwMjRcLzA4XC93YXJzemF3YV9tYXBwaW5nM2Qtc2NhbGVkLmpwZyIsInNsaWRlc2hvdyI6IjZkMDU5YjcifQ%3D%3D\">\n\t\t\t\t\t<div class=\"e-gallery-image elementor-gallery-item__image\" data-thumbnail=\"https:\/\/multidekor.pl\/wp-content\/uploads\/2024\/08\/warszawa_mapping3d-scaled.jpg\" data-width=\"2560\" data-height=\"1706\" aria-label=\"\" role=\"img\" ><\/div>\n\t\t\t\t\t\t\t\t\t\t\t<div class=\"elementor-gallery-item__overlay\"><\/div>\n\t\t\t\t\t\t\t\t\t\t\t\t\t\t<\/a>\n\t\t\t\t\t\t\t<a class=\"e-gallery-item elementor-gallery-item elementor-animated-content\" href=\"https:\/\/multidekor.pl\/wp-content\/uploads\/2024\/08\/warszawa_mapping3d_2-scaled.jpg\" data-elementor-open-lightbox=\"yes\" data-elementor-lightbox-slideshow=\"6d059b7\" data-e-action-hash=\"#elementor-action%3Aaction%3Dlightbox%26settings%3DeyJpZCI6NTA0MiwidXJsIjoiaHR0cHM6XC9cL211bHRpZGVrb3IucGxcL3dwLWNvbnRlbnRcL3VwbG9hZHNcLzIwMjRcLzA4XC93YXJzemF3YV9tYXBwaW5nM2RfMi1zY2FsZWQuanBnIiwic2xpZGVzaG93IjoiNmQwNTliNyJ9\">\n\t\t\t\t\t<div class=\"e-gallery-image elementor-gallery-item__image\" data-thumbnail=\"https:\/\/multidekor.pl\/wp-content\/uploads\/2024\/08\/warszawa_mapping3d_2-scaled.jpg\" data-width=\"2560\" data-height=\"1707\" aria-label=\"\" role=\"img\" ><\/div>\n\t\t\t\t\t\t\t\t\t\t\t<div class=\"elementor-gallery-item__overlay\"><\/div>\n\t\t\t\t\t\t\t\t\t\t\t\t\t\t<\/a>\n\t\t\t\t\t\t\t<a class=\"e-gallery-item elementor-gallery-item elementor-animated-content\" href=\"https:\/\/multidekor.pl\/wp-content\/uploads\/2024\/08\/warszawa_projekcja_video_2-1-scaled.jpg\" data-elementor-open-lightbox=\"yes\" data-elementor-lightbox-slideshow=\"6d059b7\" data-e-action-hash=\"#elementor-action%3Aaction%3Dlightbox%26settings%3DeyJpZCI6NTA0NCwidXJsIjoiaHR0cHM6XC9cL211bHRpZGVrb3IucGxcL3dwLWNvbnRlbnRcL3VwbG9hZHNcLzIwMjRcLzA4XC93YXJzemF3YV9wcm9qZWtjamFfdmlkZW9fMi0xLXNjYWxlZC5qcGciLCJzbGlkZXNob3ciOiI2ZDA1OWI3In0%3D\">\n\t\t\t\t\t<div class=\"e-gallery-image elementor-gallery-item__image\" data-thumbnail=\"https:\/\/multidekor.pl\/wp-content\/uploads\/2024\/08\/warszawa_projekcja_video_2-1-scaled.jpg\" data-width=\"2560\" data-height=\"1707\" aria-label=\"\" role=\"img\" ><\/div>\n\t\t\t\t\t\t\t\t\t\t\t<div class=\"elementor-gallery-item__overlay\"><\/div>\n\t\t\t\t\t\t\t\t\t\t\t\t\t\t<\/a>\n\t\t\t\t\t\t\t<a class=\"e-gallery-item elementor-gallery-item elementor-animated-content\" href=\"https:\/\/multidekor.pl\/wp-content\/uploads\/2024\/08\/zamek_reszel_mapping3d-1-scaled.jpg\" data-elementor-open-lightbox=\"yes\" data-elementor-lightbox-slideshow=\"6d059b7\" data-e-action-hash=\"#elementor-action%3Aaction%3Dlightbox%26settings%3DeyJpZCI6NTA0NSwidXJsIjoiaHR0cHM6XC9cL211bHRpZGVrb3IucGxcL3dwLWNvbnRlbnRcL3VwbG9hZHNcLzIwMjRcLzA4XC96YW1la19yZXN6ZWxfbWFwcGluZzNkLTEtc2NhbGVkLmpwZyIsInNsaWRlc2hvdyI6IjZkMDU5YjcifQ%3D%3D\">\n\t\t\t\t\t<div class=\"e-gallery-image elementor-gallery-item__image\" data-thumbnail=\"https:\/\/multidekor.pl\/wp-content\/uploads\/2024\/08\/zamek_reszel_mapping3d-1-scaled.jpg\" data-width=\"2560\" data-height=\"1707\" aria-label=\"\" role=\"img\" ><\/div>\n\t\t\t\t\t\t\t\t\t\t\t<div class=\"elementor-gallery-item__overlay\"><\/div>\n\t\t\t\t\t\t\t\t\t\t\t\t\t\t<\/a>\n\t\t\t\t\t\t\t<a class=\"e-gallery-item elementor-gallery-item elementor-animated-content\" href=\"https:\/\/multidekor.pl\/wp-content\/uploads\/2024\/08\/zamek_reszel_mapping3d-2-scaled.jpg\" data-elementor-open-lightbox=\"yes\" data-elementor-lightbox-slideshow=\"6d059b7\" data-e-action-hash=\"#elementor-action%3Aaction%3Dlightbox%26settings%3DeyJpZCI6NTA0NiwidXJsIjoiaHR0cHM6XC9cL211bHRpZGVrb3IucGxcL3dwLWNvbnRlbnRcL3VwbG9hZHNcLzIwMjRcLzA4XC96YW1la19yZXN6ZWxfbWFwcGluZzNkLTItc2NhbGVkLmpwZyIsInNsaWRlc2hvdyI6IjZkMDU5YjcifQ%3D%3D\">\n\t\t\t\t\t<div class=\"e-gallery-image elementor-gallery-item__image\" data-thumbnail=\"https:\/\/multidekor.pl\/wp-content\/uploads\/2024\/08\/zamek_reszel_mapping3d-2-scaled.jpg\" data-width=\"2560\" data-height=\"1707\" aria-label=\"\" role=\"img\" ><\/div>\n\t\t\t\t\t\t\t\t\t\t\t<div class=\"elementor-gallery-item__overlay\"><\/div>\n\t\t\t\t\t\t\t\t\t\t\t\t\t\t<\/a>\n\t\t\t\t\t\t\t<a class=\"e-gallery-item elementor-gallery-item elementor-animated-content\" href=\"https:\/\/multidekor.pl\/wp-content\/uploads\/2024\/08\/zamek_reszel_mapping3d-3-scaled.jpg\" data-elementor-open-lightbox=\"yes\" data-elementor-lightbox-slideshow=\"6d059b7\" data-e-action-hash=\"#elementor-action%3Aaction%3Dlightbox%26settings%3DeyJpZCI6NTA0NywidXJsIjoiaHR0cHM6XC9cL211bHRpZGVrb3IucGxcL3dwLWNvbnRlbnRcL3VwbG9hZHNcLzIwMjRcLzA4XC96YW1la19yZXN6ZWxfbWFwcGluZzNkLTMtc2NhbGVkLmpwZyIsInNsaWRlc2hvdyI6IjZkMDU5YjcifQ%3D%3D\">\n\t\t\t\t\t<div class=\"e-gallery-image elementor-gallery-item__image\" data-thumbnail=\"https:\/\/multidekor.pl\/wp-content\/uploads\/2024\/08\/zamek_reszel_mapping3d-3-scaled.jpg\" data-width=\"2560\" data-height=\"1707\" aria-label=\"\" role=\"img\" ><\/div>\n\t\t\t\t\t\t\t\t\t\t\t<div class=\"elementor-gallery-item__overlay\"><\/div>\n\t\t\t\t\t\t\t\t\t\t\t\t\t\t<\/a>\n\t\t\t\t\t\t\t<a class=\"e-gallery-item elementor-gallery-item elementor-animated-content\" href=\"https:\/\/multidekor.pl\/wp-content\/uploads\/2024\/08\/zamek_reszel_projekcja_gobo-scaled.jpg\" data-elementor-open-lightbox=\"yes\" data-elementor-lightbox-slideshow=\"6d059b7\" data-e-action-hash=\"#elementor-action%3Aaction%3Dlightbox%26settings%3DeyJpZCI6NTA0OCwidXJsIjoiaHR0cHM6XC9cL211bHRpZGVrb3IucGxcL3dwLWNvbnRlbnRcL3VwbG9hZHNcLzIwMjRcLzA4XC96YW1la19yZXN6ZWxfcHJvamVrY2phX2dvYm8tc2NhbGVkLmpwZyIsInNsaWRlc2hvdyI6IjZkMDU5YjcifQ%3D%3D\">\n\t\t\t\t\t<div class=\"e-gallery-image elementor-gallery-item__image\" data-thumbnail=\"https:\/\/multidekor.pl\/wp-content\/uploads\/2024\/08\/zamek_reszel_projekcja_gobo-scaled.jpg\" data-width=\"2560\" data-height=\"1707\" aria-label=\"\" role=\"img\" ><\/div>\n\t\t\t\t\t\t\t\t\t\t\t<div class=\"elementor-gallery-item__overlay\"><\/div>\n\t\t\t\t\t\t\t\t\t\t\t\t\t\t<\/a>\n\t\t\t\t\t<\/div>\n\t\t\t<\/div>\n\t\t\t\t<\/div>\n\t\t\t\t<div class=\"elementor-element elementor-element-3f684f7 elementor-widget elementor-widget-text-editor\" data-id=\"3f684f7\" data-element_type=\"widget\" data-widget_type=\"text-editor.default\">\n\t\t\t\t<div class=\"elementor-widget-container\">\n\t\t\t\t\t\t\t<p><em>Foto von Jan Kowalski<\/em><\/p>\n\t\t\t\t\t\t<\/div>\n\t\t\t\t<\/div>\n\t\t\t\t\t<\/div>\n\t\t\t\t<\/div>\n\t\t<div class=\"elementor-element elementor-element-b6d7152 elementor-hidden-tablet elementor-hidden-mobile arrow-top-hidden e-flex e-con-boxed e-con e-parent\" data-id=\"b6d7152\" data-element_type=\"container\" data-settings=\"{&quot;position&quot;:&quot;fixed&quot;,&quot;motion_fx_motion_fx_scrolling&quot;:&quot;yes&quot;,&quot;motion_fx_devices&quot;:[&quot;desktop&quot;,&quot;laptop&quot;,&quot;tablet&quot;,&quot;mobile&quot;]}\">\n\t\t\t\t\t<div class=\"e-con-inner\">\n\t\t<a class=\"elementor-element elementor-element-d656da7 e-con-full e-flex e-con e-child\" data-id=\"d656da7\" data-element_type=\"container\" data-settings=\"{&quot;background_background&quot;:&quot;classic&quot;,&quot;position&quot;:&quot;absolute&quot;,&quot;motion_fx_motion_fx_scrolling&quot;:&quot;yes&quot;,&quot;animation&quot;:&quot;none&quot;,&quot;motion_fx_devices&quot;:[&quot;desktop&quot;,&quot;laptop&quot;,&quot;tablet&quot;,&quot;mobile&quot;]}\" href=\"#top\">\n\t\t\t\t<div class=\"elementor-element elementor-element-c752e74 arrow-scroll elementor-view-default elementor-widget elementor-widget-icon\" data-id=\"c752e74\" data-element_type=\"widget\" data-widget_type=\"icon.default\">\n\t\t\t\t<div class=\"elementor-widget-container\">\n\t\t\t\t\t<div class=\"elementor-icon-wrapper\">\n\t\t\t<div class=\"elementor-icon\">\n\t\t\t<svg xmlns=\"http:\/\/www.w3.org\/2000\/svg\" width=\"56.778\" height=\"36.877\" viewBox=\"0 0 56.778 36.877\"><path id=\"Path_138\" data-name=\"Path 138\" d=\"M91.727,87.065,73.32,105.439l-2.352-2.448a1.636,1.636,0,0,1-.588-1.478,2.907,2.907,0,0,1,.811-1.446l7.789-7.725q.827-.827,1.59-1.51t1.462-1.224q-1.876.223-3.926.366t-4.149.143H34.949v-6.2H73.956q2.1,0,4.165.143t3.942.4q-.731-.54-1.494-1.224t-1.59-1.51l-7.852-7.789a2.741,2.741,0,0,1-.811-1.431A1.654,1.654,0,0,1,70.9,71.01l2.352-2.448Z\" transform=\"translate(-34.949 -68.563)\" fill=\"#fff\"><\/path><\/svg>\t\t\t<\/div>\n\t\t<\/div>\n\t\t\t\t<\/div>\n\t\t\t\t<\/div>\n\t\t\t\t<\/a>\n\t\t\t\t\t<\/div>\n\t\t\t\t<\/div>\n\t\t\t\t<\/div>\n\t\t","protected":false},"excerpt":{"rendered":"<p>projektoren Dekorative Projektoren von Multidekor sind eine vielseitige L\u00f6sung, die jedem Raum eine besondere Note verleiht \u2013 nicht nur in der Weihnachtszeit. Sie k\u00f6nnen eine Vielzahl von Mustern, Motiven und Animationen auf Geb\u00e4udefassaden, B\u00e4umen, Gehwegen oder \u00f6ffentlichen Pl\u00e4tzen projizieren und einzigartige visuelle Effekte schaffen, die die Blicke auf sich ziehen. Dank einer gro\u00dfen Auswahl an [&hellip;]<\/p>\n","protected":false},"author":1,"featured_media":0,"parent":0,"menu_order":0,"comment_status":"closed","ping_status":"closed","template":"","meta":{"_acf_changed":false,"content-type":"","footnotes":""},"class_list":["post-6926","page","type-page","status-publish","hentry"],"acf":[],"_links":{"self":[{"href":"https:\/\/multidekor.pl\/de\/wp-json\/wp\/v2\/pages\/6926","targetHints":{"allow":["GET"]}}],"collection":[{"href":"https:\/\/multidekor.pl\/de\/wp-json\/wp\/v2\/pages"}],"about":[{"href":"https:\/\/multidekor.pl\/de\/wp-json\/wp\/v2\/types\/page"}],"author":[{"embeddable":true,"href":"https:\/\/multidekor.pl\/de\/wp-json\/wp\/v2\/users\/1"}],"replies":[{"embeddable":true,"href":"https:\/\/multidekor.pl\/de\/wp-json\/wp\/v2\/comments?post=6926"}],"version-history":[{"count":3,"href":"https:\/\/multidekor.pl\/de\/wp-json\/wp\/v2\/pages\/6926\/revisions"}],"predecessor-version":[{"id":10898,"href":"https:\/\/multidekor.pl\/de\/wp-json\/wp\/v2\/pages\/6926\/revisions\/10898"}],"wp:attachment":[{"href":"https:\/\/multidekor.pl\/de\/wp-json\/wp\/v2\/media?parent=6926"}],"curies":[{"name":"wp","href":"https:\/\/api.w.org\/{rel}","templated":true}]}}