{"id":6919,"date":"2024-08-08T13:33:26","date_gmt":"2024-08-08T11:33:26","guid":{"rendered":"https:\/\/multidekor.profitway.pl\/politique-de-confidentialite\/"},"modified":"2024-10-08T14:52:47","modified_gmt":"2024-10-08T12:52:47","slug":"politique-de-confidentialite","status":"publish","type":"page","link":"https:\/\/multidekor.pl\/fr\/politique-de-confidentialite\/","title":{"rendered":"Politique de confidentialit\u00e9"},"content":{"rendered":"\t\t<div data-elementor-type=\"wp-page\" data-elementor-id=\"6919\" class=\"elementor elementor-6919 elementor-5091\" data-elementor-post-type=\"page\">\n\t\t\t\t<div class=\"elementor-element elementor-element-fdf52f4 e-flex e-con-boxed e-con e-parent\" data-id=\"fdf52f4\" data-element_type=\"container\" data-settings=\"{&quot;background_background&quot;:&quot;classic&quot;}\">\n\t\t\t\t\t<div class=\"e-con-inner\">\n\t\t\t\t\t<\/div>\n\t\t\t\t<\/div>\n\t\t<div class=\"elementor-element elementor-element-289ecf0 is-overflow-hidden e-flex e-con-boxed e-con e-parent\" data-id=\"289ecf0\" data-element_type=\"container\">\n\t\t\t\t\t<div class=\"e-con-inner\">\n\t\t\t\t<div class=\"elementor-element elementor-element-f898115 elementor-widget elementor-widget-heading\" data-id=\"f898115\" data-element_type=\"widget\" data-widget_type=\"heading.default\">\n\t\t\t\t<div class=\"elementor-widget-container\">\n\t\t\t<style>\/*! elementor - v3.22.0 - 26-06-2024 *\/\n.elementor-heading-title{padding:0;margin:0;line-height:1}.elementor-widget-heading .elementor-heading-title[class*=elementor-size-]>a{color:inherit;font-size:inherit;line-height:inherit}.elementor-widget-heading .elementor-heading-title.elementor-size-small{font-size:15px}.elementor-widget-heading .elementor-heading-title.elementor-size-medium{font-size:19px}.elementor-widget-heading .elementor-heading-title.elementor-size-large{font-size:29px}.elementor-widget-heading .elementor-heading-title.elementor-size-xl{font-size:39px}.elementor-widget-heading .elementor-heading-title.elementor-size-xxl{font-size:59px}<\/style><h2 class=\"elementor-heading-title elementor-size-default\"><span style=\"font-family:Orbital;font-style: italic;\">politique de<\/span>confidentialit\u00e9<\/h2>\t\t<\/div>\n\t\t\t\t<\/div>\n\t\t\t\t\t<\/div>\n\t\t\t\t<\/div>\n\t\t<div class=\"elementor-element elementor-element-c915cc5 e-flex e-con-boxed e-con e-parent\" data-id=\"c915cc5\" data-element_type=\"container\">\n\t\t\t\t\t<div class=\"e-con-inner\">\n\t\t<div class=\"elementor-element elementor-element-25d0e9d e-con-full e-flex e-con e-child\" data-id=\"25d0e9d\" data-element_type=\"container\">\n\t\t\t\t<div class=\"elementor-element elementor-element-1474bb8 elementor-widget elementor-widget-text-editor\" data-id=\"1474bb8\" data-element_type=\"widget\" data-widget_type=\"text-editor.default\">\n\t\t\t\t<div class=\"elementor-widget-container\">\n\t\t\t<style>\/*! elementor - v3.22.0 - 26-06-2024 *\/\n.elementor-widget-text-editor.elementor-drop-cap-view-stacked .elementor-drop-cap{background-color:#69727d;color:#fff}.elementor-widget-text-editor.elementor-drop-cap-view-framed .elementor-drop-cap{color:#69727d;border:3px solid;background-color:transparent}.elementor-widget-text-editor:not(.elementor-drop-cap-view-default) .elementor-drop-cap{margin-top:8px}.elementor-widget-text-editor:not(.elementor-drop-cap-view-default) .elementor-drop-cap-letter{width:1em;height:1em}.elementor-widget-text-editor .elementor-drop-cap{float:left;text-align:center;line-height:1;font-size:50px}.elementor-widget-text-editor .elementor-drop-cap-letter{display:inline-block}<\/style>\t\t\t\t<p><strong>Informations g\u00e9n\u00e9rales<\/strong><\/p>\n<p>Le pr\u00e9sent document expose la politique de confidentialit\u00e9 du site Web de Multidekor, exploit\u00e9 sous le domaine <a href=\"https:\/\/multidekor.pl\">https:\/\/multidekor.pl<\/a> (ci-apr\u00e8s le \u00ab\u00a0site Web\u00a0\u00bb).<\/p>\n<p>L&rsquo;administrateur du site Web et le gestionnaire de vos donn\u00e9es personnelles est la soci\u00e9t\u00e9 anonyme MULTIDEKOR, dont le si\u00e8ge social est situ\u00e9 \u00e0 Piast\u00f3w, ul.<br \/>\nStanis\u0142awa Noakowskiego 4, 05-820 Piast\u00f3w, inscrite au Registre des entrepreneurs du Registre national des tribunaux tenu par le Tribunal de district de m.<br \/>\nVarsovie, XIVe chambre commerciale.<br \/>\nWarszawy in Warsaw, XIV Economic Department of the National Court Register sous le num\u00e9ro KRS 0000921749, NIP 5342487835, ci-apr\u00e8s d\u00e9nomm\u00e9 \u00ab\u00a0l&rsquo;administrateur\u00a0\u00bb.   <\/p>\n<p>Pour toutes les questions concernant le site web, vous pouvez contacter l&rsquo;administrateur par courrier \u00e9lectronique \u00e0 l&rsquo;adresse suivante : sekretariat@multidekor.pl ou par courrier postal \u00e0 l&rsquo;adresse suivante : Multidekor S.A., ul.<br \/>\nStanis\u0142awa Noakowskiego 4, 05-820 Piast\u00f3w. <\/p>\n<p>\u00a0\u00bb RODO \u00a0\u00bb dans le pr\u00e9sent document signifie le r\u00e8glement (UE) 2016\/679 du Parlement europ\u00e9en et du Conseil du 27 avril 2016.<br \/>\nrelatif \u00e0 la protection des personnes physiques \u00e0 l&rsquo;\u00e9gard du traitement des donn\u00e9es \u00e0 caract\u00e8re personnel et \u00e0 la libre circulation de ces donn\u00e9es, et abrogeant la directive 95\/46\/CE (r\u00e8glement g\u00e9n\u00e9ral sur la protection des donn\u00e9es). <\/p>\n<\/p>\n<p><strong>Donn\u00e9es personnelles<\/strong><\/p>\n<p>Lorsque vous nous contactez ou que vous vous inscrivez \u00e0 notre lettre d&rsquo;information, vous nous fournissez des donn\u00e9es personnelles.<\/p>\n<p>Lorsque vous nous contactez par courrier \u00e9lectronique, vous nous fournissez votre adresse \u00e9lectronique et d&rsquo;autres donn\u00e9es personnelles peuvent \u00e9galement \u00eatre incluses dans le corps du message.<br \/>\nDans ce cas, la base juridique du traitement de vos donn\u00e9es \u00e0 caract\u00e8re personnel est votre consentement, qui d\u00e9coule de la prise de contact avec nous et de la n\u00e9cessit\u00e9 d&rsquo;ex\u00e9cuter l&rsquo;accord de service de communication, ainsi que l&rsquo;int\u00e9r\u00eat l\u00e9gitime de l&rsquo;administrateur \u00e0 communiquer avec les utilisateurs du site web (article 6, paragraphe 1, points a), b) et f), du RODO).<br \/>\n<br \/>Vos donn\u00e9es personnelles sont trait\u00e9es uniquement dans le but de traiter la demande faite par e-mail. Le contenu de la correspondance peut faire l&rsquo;objet d&rsquo;un archivage.  <\/p>\n<p>Si vous acceptez de recevoir un abonnement \u00e0 la lettre d&rsquo;information (newsletter), vous nous fournissez votre adresse \u00e9lectronique.<br \/>\nDans ce cas, la base juridique du traitement de vos donn\u00e9es \u00e0 caract\u00e8re personnel est votre consentement r\u00e9sultant de votre volont\u00e9 de recevoir la lettre d&rsquo;information (article 6, paragraphe 1, point a), du RODO).<br \/>\nVos donn\u00e9es \u00e0 caract\u00e8re personnel sont trait\u00e9es exclusivement dans le but de traiter la lettre d&rsquo;information.  <\/p>\n<p>Vos donn\u00e9es personnelles seront trait\u00e9es pendant la dur\u00e9e de fonctionnement du site web et pendant la p\u00e9riode sp\u00e9cifi\u00e9e dans la l\u00e9gislation applicable, pas plus longtemps que n\u00e9cessaire aux fins r\u00e9sultant des int\u00e9r\u00eats l\u00e9gitimes poursuivis par l&rsquo;administrateur ou par un tiers, c&rsquo;est-\u00e0-dire<br \/>\njusqu&rsquo;\u00e0 la date de prescription des r\u00e9clamations pouvant d\u00e9couler de l&rsquo;utilisation des services du site web.<br \/>\nVous pouvez d\u00e9cider \u00e0 tout moment de vous retirer de la liste des abonn\u00e9s, ce qui entra\u00eenera \u00e9galement la suppression de vos donn\u00e9es personnelles de la base de donn\u00e9es.  <\/p>\n<p>La fourniture de vos donn\u00e9es personnelles est volontaire, mais n\u00e9cessaire pour utiliser pleinement le site web.<\/p>\n<p>L&rsquo;administrateur s&rsquo;efforce tout particuli\u00e8rement de prot\u00e9ger la vie priv\u00e9e et les informations qui lui sont fournies et qui concernent les utilisateurs.<br \/>\nL&rsquo;administrateur fait preuve de diligence dans le choix et l&rsquo;application des mesures techniques appropri\u00e9es, y compris en mati\u00e8re de programmation et d&rsquo;organisation, pour assurer la protection des donn\u00e9es trait\u00e9es, en particulier la protection des donn\u00e9es contre l&rsquo;acc\u00e8s non autoris\u00e9, la divulgation, la perte et la destruction, la modification non autoris\u00e9e, ainsi que contre leur traitement en violation de la l\u00e9gislation applicable. <\/p>\n<p>Les destinataires des donn\u00e9es personnelles des utilisateurs sont : &#8211; l&rsquo;administrateur ; &#8211; les entit\u00e9s habilit\u00e9es \u00e0 obtenir des donn\u00e9es personnelles sur la base des dispositions obligatoires du droit de l&rsquo;Union europ\u00e9enne ou du droit polonais, telles que les tribunaux ou les organes de l&rsquo;administration publique et les autorit\u00e9s de l&rsquo;\u00c9tat ; &#8211; les entit\u00e9s qui sont des sous-traitants de l&rsquo;administrateur, telles que les fournisseurs de services informatiques : les soci\u00e9t\u00e9s d&rsquo;h\u00e9bergement, les fournisseurs de services de newsletter et d&rsquo;autres entit\u00e9s, sans lesquelles le site Web ne peut pas fonctionner pleinement.<\/p>\n<\/p>\n<p><strong>Droits de l&rsquo;utilisateur<\/strong><\/p>\n<p>Les donn\u00e9es personnelles collect\u00e9es par l&rsquo;administrateur sont trait\u00e9es conform\u00e9ment \u00e0 la loi. En ce qui concerne le traitement de ces donn\u00e9es personnelles, les utilisateurs ont le droit :<\/p>\n<ol>\n<li>Le droit de demander l&rsquo;acc\u00e8s \u00e0 vos donn\u00e9es et une copie de celles-ci ;<\/li>\n<li>Le droit de rectification (modification) de vos donn\u00e9es si elles sont incorrectes ou obsol\u00e8tes, ainsi que le droit d&rsquo;effacement lorsque le traitement de vos donn\u00e9es n&rsquo;a pas lieu dans le but de respecter une obligation d\u00e9coulant d&rsquo;une disposition l\u00e9gale ou dans l&rsquo;exercice de l&rsquo;autorit\u00e9 publique ;<\/li>\n<li>Le droit de restreindre le traitement ou de s&rsquo;opposer au traitement ;<\/li>\n<li>Le droit \u00e0 la portabilit\u00e9 de vos donn\u00e9es ;<\/li>\n<li>le droit de retirer son consentement au traitement des donn\u00e9es \u00e0 caract\u00e8re personnel pour une finalit\u00e9 sp\u00e9cifique si ce consentement a \u00e9t\u00e9 donn\u00e9 ant\u00e9rieurement ;<\/li>\n<li>le droit d&rsquo;introduire une r\u00e9clamation aupr\u00e8s de l&rsquo;autorit\u00e9 de contr\u00f4le &#8211; le pr\u00e9sident de l&rsquo;Office de protection des donn\u00e9es \u00e0 caract\u00e8re personnel (coordonn\u00e9es sur <a href=\"https:\/\/uodo.gov.pl\/pl\/83\/155\" target=\"_blank\" rel=\"noopener\">https:\/\/uodo.gov.pl\/pl\/83\/155)<\/a> ou toute autre autorit\u00e9 comp\u00e9tente.<\/li>\n<\/ol>\n<p>Vous pouvez exercer les droits susmentionn\u00e9s conform\u00e9ment aux r\u00e8gles \u00e9nonc\u00e9es \u00e0 l&rsquo;article 7, paragraphe 7, de la directive.<br \/>\n7, paragraphe 3, et de l&rsquo;art.<br \/>\n3 et de l&rsquo;art.<br \/>\n15-21 RODO.   <\/p>\n<\/p>\n<p><strong>Cookies<\/strong><\/p>\n<p>Le site Web utilise des \u00ab\u00a0cookies\u00a0\u00bb, c&rsquo;est-\u00e0-dire de petits fichiers texte qui sont stock\u00e9s sur l&rsquo;\u00e9quipement terminal de l&rsquo;utilisateur dans le cadre de l&rsquo;utilisation du site Web.<br \/>\nL&rsquo;utilisation de \u00ab\u00a0cookies\u00a0\u00bb a pour but d&rsquo;optimiser le fonctionnement du site web.<br \/>\nLors de l&rsquo;utilisation du site web, des informations sur l&rsquo;utilisation des \u00ab\u00a0cookies\u00a0\u00bb sont affich\u00e9es.<br \/>\nEn l&rsquo;acceptant et en la fermant, vous consentez \u00e0 l&rsquo;utilisation de cookies conform\u00e9ment \u00e0 la pr\u00e9sente politique de confidentialit\u00e9.<br \/>\nSi vous n&rsquo;acceptez pas le stockage des cookies et leur utilisation par l&rsquo;administrateur et les tiers indiqu\u00e9s dans la pr\u00e9sente politique de confidentialit\u00e9, veuillez configurer les param\u00e8tres de votre navigateur Internet en cons\u00e9quence.<br \/>\nLa d\u00e9sactivation ou la restriction de l&rsquo;utilisation des cookies peut affecter certaines fonctionnalit\u00e9s du site web et entra\u00eener des difficult\u00e9s d&rsquo;utilisation.     <\/p>\n<p>L&rsquo;administrateur utilise deux types de \u00ab\u00a0cookies\u00a0\u00bb : a) les \u00ab\u00a0cookies\u00a0\u00bb de session : ils sont stock\u00e9s sur l&rsquo;\u00e9quipement terminal de l&rsquo;utilisateur et y restent jusqu&rsquo;\u00e0 la fin d&rsquo;une session de navigation donn\u00e9e.<br \/>\nLes informations stock\u00e9es sont alors d\u00e9finitivement effac\u00e9es de la m\u00e9moire de l&rsquo;\u00e9quipement terminal de l&rsquo;utilisateur.<\/p>\n<p>Le m\u00e9canisme des cookies de session ne permet pas de collecter des donn\u00e9es \u00e0 caract\u00e8re personnel ou des informations confidentielles \u00e0 partir de l&rsquo;\u00e9quipement terminal de l&rsquo;utilisateur. b) les cookies permanents : ils sont stock\u00e9s sur l&rsquo;\u00e9quipement terminal de l&rsquo;utilisateur et y restent jusqu&rsquo;\u00e0 ce qu&rsquo;ils soient supprim\u00e9s.<br \/>\n<br \/>Le m\u00e9canisme des \u00ab\u00a0cookies\u00a0\u00bb permanents ne permet pas de collecter des donn\u00e9es \u00e0 caract\u00e8re personnel ou des informations confidentielles \u00e0 partir de l&rsquo;\u00e9quipement terminal de l&rsquo;utilisateur.   <\/p>\n<p>L&rsquo;administrateur utilise des cookies pour :<br \/>&#8211; pour assurer le bon fonctionnement du site, notamment pour la configuration du site, la v\u00e9rification et le d\u00e9veloppement de son offre, la cr\u00e9ation de statistiques (\u00ab\u00a0cookies propres\u00a0\u00bb),<br \/>&#8211; de populariser le site internet \u00e0 travers les r\u00e9seaux sociaux suivants : Facebook.com, Instagram, LinkedIn, YouTube, Twitter (\u00a0\u00bb cookies externes \u00ab\u00a0) ; le site Internet est dot\u00e9 d&rsquo;un m\u00e9canisme de partage de contenu sur les r\u00e9seaux sociaux,<br \/>&#8211; la collecte de donn\u00e9es statistiques g\u00e9n\u00e9rales et anonymes au moyen des outils analytiques de Google Analytics (\u00ab\u00a0cookies externes\u00a0\u00bb), fournis par Google LLC, 1600 Amphitheatre Parkway, Mountain View, CA 94043, USA ; ces activit\u00e9s sont men\u00e9es sur la base de l&rsquo;int\u00e9r\u00eat l\u00e9gitime de l&rsquo;administrateur \u00e0 cr\u00e9er des statistiques et \u00e0 les analyser dans le but d&rsquo;optimiser le site Web (la base juridique du traitement des donn\u00e9es \u00e0 cet \u00e9gard est l&rsquo;article 6, paragraphe 1, point f), du RODO) ; les d\u00e9tails relatifs au traitement des donn\u00e9es dans le cadre de Google Analytics sont disponibles \u00e0 l&rsquo;adresse www :  <a href=\"https:\/\/support.google.com\/analytics\/answer\/6004245\" target=\"_blank\" rel=\"noopener\">https:\/\/support.google.com\/analytics\/answer\/6004245<\/a>.<\/p>\n<p>Dans chaque cas, l&rsquo;administrateur enregistre des informations sur les param\u00e8tres de connexion \u00e0 l&rsquo;internet de l&rsquo;utilisateur, en particulier l&rsquo;adresse IP de l&rsquo;utilisateur, ainsi que des informations d\u00e9mographiques g\u00e9n\u00e9rales (par exemple sur la r\u00e9gion \u00e0 partir de laquelle la connexion est \u00e9tablie).<br \/>\nCes donn\u00e9es sont trait\u00e9es \u00e0 des fins techniques li\u00e9es \u00e0 l&rsquo;administration des serveurs de l&rsquo;administrateur, \u00e0 des fins statistiques, pour garantir la s\u00e9curit\u00e9, ainsi que pour la commercialisation des propres services de l&rsquo;administrateur, ce qui constitue un int\u00e9r\u00eat l\u00e9gitime de l&rsquo;administrateur (la base juridique du traitement des donn\u00e9es \u00e0 cet \u00e9gard est l&rsquo;article 6, paragraphe 1, point f), du RODO, et les donn\u00e9es seront trait\u00e9es par l&rsquo;administrateur pendant la dur\u00e9e d&rsquo;exploitation du blog ou jusqu&rsquo;\u00e0 ce qu&rsquo;il y ait des raisons de supprimer les donn\u00e9es). <\/p>\n<p>L&rsquo;utilisateur peut, ind\u00e9pendamment et \u00e0 tout moment, modifier les param\u00e8tres concernant les cookies, en pr\u00e9cisant les conditions de stockage et d&rsquo;acc\u00e8s aux cookies par l&rsquo;\u00e9quipement terminal de l&rsquo;utilisateur.<br \/>\n<br \/>L&rsquo;utilisateur peut modifier les param\u00e8tres mentionn\u00e9s dans la phrase pr\u00e9c\u00e9dente en utilisant les param\u00e8tres de son navigateur Internet. Ces param\u00e8tres peuvent notamment \u00eatre modifi\u00e9s de mani\u00e8re \u00e0 bloquer la gestion automatique des \u00ab\u00a0cookies\u00a0\u00bb dans les param\u00e8tres du navigateur Internet ou \u00e0 informer sur leur placement sur l&rsquo;appareil de l&rsquo;utilisateur \u00e0 chaque fois.<br \/>\nDes informations d\u00e9taill\u00e9es sur la possibilit\u00e9 et les m\u00e9thodes d&rsquo;utilisation des cookies sont disponibles dans les param\u00e8tres des diff\u00e9rents navigateurs Internet.<br \/>\nL&rsquo;utilisateur peut supprimer les \u00ab\u00a0cookies\u00a0\u00bb \u00e0 tout moment en utilisant les fonctions disponibles dans le navigateur qu&rsquo;il utilise.   <\/p>\n\t\t\t\t\t\t<\/div>\n\t\t\t\t<\/div>\n\t\t\t\t<\/div>\n\t\t\t\t\t<\/div>\n\t\t\t\t<\/div>\n\t\t<div class=\"elementor-element elementor-element-17c67b9 elementor-hidden-tablet elementor-hidden-mobile arrow-top-hidden e-flex e-con-boxed e-con e-parent\" data-id=\"17c67b9\" data-element_type=\"container\" data-settings=\"{&quot;position&quot;:&quot;fixed&quot;,&quot;motion_fx_motion_fx_scrolling&quot;:&quot;yes&quot;,&quot;motion_fx_devices&quot;:[&quot;desktop&quot;,&quot;laptop&quot;,&quot;tablet&quot;,&quot;mobile&quot;]}\">\n\t\t\t\t\t<div class=\"e-con-inner\">\n\t\t<a class=\"elementor-element elementor-element-1c4d9bd e-con-full e-flex e-con e-child\" data-id=\"1c4d9bd\" data-element_type=\"container\" data-settings=\"{&quot;background_background&quot;:&quot;classic&quot;,&quot;position&quot;:&quot;absolute&quot;,&quot;motion_fx_motion_fx_scrolling&quot;:&quot;yes&quot;,&quot;animation&quot;:&quot;none&quot;,&quot;motion_fx_devices&quot;:[&quot;desktop&quot;,&quot;laptop&quot;,&quot;tablet&quot;,&quot;mobile&quot;]}\" href=\"#top\">\n\t\t\t\t<div class=\"elementor-element elementor-element-c2c68d9 arrow-scroll elementor-view-default elementor-widget elementor-widget-icon\" data-id=\"c2c68d9\" data-element_type=\"widget\" data-widget_type=\"icon.default\">\n\t\t\t\t<div class=\"elementor-widget-container\">\n\t\t\t\t\t<div class=\"elementor-icon-wrapper\">\n\t\t\t<div class=\"elementor-icon\">\n\t\t\t<svg xmlns=\"http:\/\/www.w3.org\/2000\/svg\" width=\"56.778\" height=\"36.877\" viewBox=\"0 0 56.778 36.877\"><path id=\"Path_138\" data-name=\"Path 138\" d=\"M91.727,87.065,73.32,105.439l-2.352-2.448a1.636,1.636,0,0,1-.588-1.478,2.907,2.907,0,0,1,.811-1.446l7.789-7.725q.827-.827,1.59-1.51t1.462-1.224q-1.876.223-3.926.366t-4.149.143H34.949v-6.2H73.956q2.1,0,4.165.143t3.942.4q-.731-.54-1.494-1.224t-1.59-1.51l-7.852-7.789a2.741,2.741,0,0,1-.811-1.431A1.654,1.654,0,0,1,70.9,71.01l2.352-2.448Z\" transform=\"translate(-34.949 -68.563)\" fill=\"#fff\"><\/path><\/svg>\t\t\t<\/div>\n\t\t<\/div>\n\t\t\t\t<\/div>\n\t\t\t\t<\/div>\n\t\t\t\t<\/a>\n\t\t\t\t\t<\/div>\n\t\t\t\t<\/div>\n\t\t\t\t<\/div>\n\t\t","protected":false},"excerpt":{"rendered":"<p>politique deconfidentialit\u00e9 Informations g\u00e9n\u00e9rales Le pr\u00e9sent document expose la politique de confidentialit\u00e9 du site Web de Multidekor, exploit\u00e9 sous le domaine https:\/\/multidekor.pl (ci-apr\u00e8s le \u00ab\u00a0site Web\u00a0\u00bb). L&rsquo;administrateur du site Web et le gestionnaire de vos donn\u00e9es personnelles est la soci\u00e9t\u00e9 anonyme MULTIDEKOR, dont le si\u00e8ge social est situ\u00e9 \u00e0 Piast\u00f3w, ul. Stanis\u0142awa Noakowskiego 4, 05-820 [&hellip;]<\/p>\n","protected":false},"author":1,"featured_media":0,"parent":0,"menu_order":0,"comment_status":"closed","ping_status":"closed","template":"","meta":{"_acf_changed":false,"content-type":"","footnotes":""},"class_list":["post-6919","page","type-page","status-publish","hentry"],"acf":[],"_links":{"self":[{"href":"https:\/\/multidekor.pl\/fr\/wp-json\/wp\/v2\/pages\/6919","targetHints":{"allow":["GET"]}}],"collection":[{"href":"https:\/\/multidekor.pl\/fr\/wp-json\/wp\/v2\/pages"}],"about":[{"href":"https:\/\/multidekor.pl\/fr\/wp-json\/wp\/v2\/types\/page"}],"author":[{"embeddable":true,"href":"https:\/\/multidekor.pl\/fr\/wp-json\/wp\/v2\/users\/1"}],"replies":[{"embeddable":true,"href":"https:\/\/multidekor.pl\/fr\/wp-json\/wp\/v2\/comments?post=6919"}],"version-history":[{"count":2,"href":"https:\/\/multidekor.pl\/fr\/wp-json\/wp\/v2\/pages\/6919\/revisions"}],"predecessor-version":[{"id":15096,"href":"https:\/\/multidekor.pl\/fr\/wp-json\/wp\/v2\/pages\/6919\/revisions\/15096"}],"wp:attachment":[{"href":"https:\/\/multidekor.pl\/fr\/wp-json\/wp\/v2\/media?parent=6919"}],"curies":[{"name":"wp","href":"https:\/\/api.w.org\/{rel}","templated":true}]}}